{"id":2889,"date":"2023-03-26T16:45:36","date_gmt":"2023-03-26T14:45:36","guid":{"rendered":"https:\/\/mnbarts.hu\/?page_id=2889"},"modified":"2023-04-06T17:26:06","modified_gmt":"2023-04-06T15:26:06","slug":"impresszum","status":"publish","type":"page","link":"https:\/\/mnbarts.hu\/en\/impresszum\/","title":{"rendered":"Impresszum"},"content":{"rendered":"<div data-elementor-type=\"wp-page\" data-elementor-id=\"2889\" class=\"elementor elementor-2889\" data-elementor-post-type=\"page\">\n\t\t\t\t\t\t<section class=\"elementor-section elementor-top-section elementor-element elementor-element-1fbd902 elementor-section-boxed elementor-section-height-default elementor-section-height-default\" data-id=\"1fbd902\" data-element_type=\"section\">\n\t\t\t\t\t\t<div class=\"elementor-container elementor-column-gap-default\">\n\t\t\t\t\t<div class=\"elementor-column elementor-col-100 elementor-top-column elementor-element elementor-element-08a938e\" data-id=\"08a938e\" data-element_type=\"column\">\n\t\t\t<div class=\"elementor-widget-wrap elementor-element-populated\">\n\t\t\t\t\t\t<div class=\"elementor-element elementor-element-db7eb9f elementor-widget elementor-widget-heading\" data-id=\"db7eb9f\" data-element_type=\"widget\" data-widget_type=\"heading.default\">\n\t\t\t\t<div class=\"elementor-widget-container\">\n\t\t\t<style>\/*! elementor - v3.20.0 - 26-03-2024 *\/\n.elementor-heading-title{padding:0;margin:0;line-height:1}.elementor-widget-heading .elementor-heading-title[class*=elementor-size-]>a{color:inherit;font-size:inherit;line-height:inherit}.elementor-widget-heading .elementor-heading-title.elementor-size-small{font-size:15px}.elementor-widget-heading .elementor-heading-title.elementor-size-medium{font-size:19px}.elementor-widget-heading .elementor-heading-title.elementor-size-large{font-size:29px}.elementor-widget-heading .elementor-heading-title.elementor-size-xl{font-size:39px}.elementor-widget-heading .elementor-heading-title.elementor-size-xxl{font-size:59px}<\/style><h1 class=\"elementor-heading-title elementor-size-default\">Impresszum<\/h1>\t\t<\/div>\n\t\t\t\t<\/div>\n\t\t\t\t<div class=\"elementor-element elementor-element-c153f2b elementor-widget elementor-widget-text-editor\" data-id=\"c153f2b\" data-element_type=\"widget\" data-widget_type=\"text-editor.default\">\n\t\t\t\t<div class=\"elementor-widget-container\">\n\t\t\t<style>\/*! elementor - v3.20.0 - 26-03-2024 *\/\n.elementor-widget-text-editor.elementor-drop-cap-view-stacked .elementor-drop-cap{background-color:#69727d;color:#fff}.elementor-widget-text-editor.elementor-drop-cap-view-framed .elementor-drop-cap{color:#69727d;border:3px solid;background-color:transparent}.elementor-widget-text-editor:not(.elementor-drop-cap-view-default) .elementor-drop-cap{margin-top:8px}.elementor-widget-text-editor:not(.elementor-drop-cap-view-default) .elementor-drop-cap-letter{width:1em;height:1em}.elementor-widget-text-editor .elementor-drop-cap{float:left;text-align:center;line-height:1;font-size:50px}.elementor-widget-text-editor .elementor-drop-cap-letter{display:inline-block}<\/style>\t\t\t\t<p>C\u00e9gn\u00e9v: MNB-Ingatlan Kft.<\/p><p>Sz\u00e9khely:&nbsp;<a href=\"https:\/\/www.google.hu\/maps\/place\/1013Budapest+Krisztina+k%C3%B6r%C3%BAt+32.+4.+emelet+\" data-saferedirecturl=\"https:\/\/www.google.com\/url?q=https:\/\/www.google.hu\/maps\/place\/1013Budapest%2BKrisztina%2Bk%25C3%25B6r%25C3%25BAt%2B32.%2B4.%2Bemelet%2B&amp;source=gmail&amp;ust=1679927768426000&amp;usg=AOvVaw1QRQYN7s04FgKn0El3EOob\">1013 Budapest, Krisztina k\u00f6r\u00fat 32. 4. emelet<\/a><\/p>\n<p>Ad\u00f3sz\u00e1m: 25569751-2-44<\/p>\n<p>C\u00e9gjegyz\u00e9ksz\u00e1m: 01 09 282793<\/p>\n<p>K\u00f6zponti weboldal:&nbsp;<a href=\"http:\/\/www.mnbingatlan.hu\/\" data-saferedirecturl=\"https:\/\/www.google.com\/url?q=http:\/\/www.mnbingatlan.hu\/&amp;source=gmail&amp;ust=1679927768426000&amp;usg=AOvVaw0r_H0nvWM7OmyMJ0W49nZA\">www.mnbingatlan.hu<\/a><\/p>\t\t\t\t\t\t<\/div>\n\t\t\t\t<\/div>\n\t\t\t\t\t<\/div>\n\t\t<\/div>\n\t\t\t\t\t<\/div>\n\t\t<\/section>\n\t\t\t\t<\/div>","protected":false},"excerpt":{"rendered":"<p>Impresszum C\u00e9gn\u00e9v: MNB-Ingatlan Kft. Sz\u00e9khely:&nbsp;1013 Budapest, Krisztina k\u00f6r\u00fat 32. 4. emelet Ad\u00f3sz\u00e1m: 25569751-2-44 C\u00e9gjegyz\u00e9ksz\u00e1m: 01 09 282793 K\u00f6zponti weboldal:&nbsp;www.mnbingatlan.hu<\/p>","protected":false},"author":1,"featured_media":0,"parent":0,"menu_order":0,"comment_status":"closed","ping_status":"closed","template":"","meta":{"_acf_changed":false,"footnotes":""},"page_tag":[],"acf":[],"yoast_head":"<!-- This site is optimized with the Yoast SEO Premium plugin v23.1 (Yoast SEO v23.1) - https:\/\/yoast.com\/wordpress\/plugins\/seo\/ -->\n<title>Impresszum - MNB Arts and Culture<\/title>\n<meta name=\"robots\" content=\"index, follow, max-snippet:-1, max-image-preview:large, max-video-preview:-1\" \/>\n<link rel=\"canonical\" href=\"https:\/\/mnbarts.hu\/en\/impresszum\/\" \/>\n<meta property=\"og:locale\" content=\"en_GB\" \/>\n<meta property=\"og:type\" content=\"article\" \/>\n<meta property=\"og:title\" content=\"Impresszum\" \/>\n<meta property=\"og:description\" content=\"Impresszum C\u00e9gn\u00e9v: MNB-Ingatlan Kft. Sz\u00e9khely:&nbsp;1013 Budapest, Krisztina k\u00f6r\u00fat 32. 4. emelet Ad\u00f3sz\u00e1m: 25569751-2-44 C\u00e9gjegyz\u00e9ksz\u00e1m: 01 09 282793 K\u00f6zponti weboldal:&nbsp;www.mnbingatlan.hu\" \/>\n<meta property=\"og:url\" content=\"https:\/\/mnbarts.hu\/en\/impresszum\/\" \/>\n<meta property=\"og:site_name\" content=\"MNB Arts and Culture\" \/>\n<meta property=\"article:publisher\" content=\"https:\/\/www.facebook.com\/profile.php?id=100083016948242\" \/>\n<meta property=\"article:modified_time\" content=\"2023-04-06T15:26:06+00:00\" \/>\n<meta property=\"og:image\" content=\"https:\/\/mnbarts.hu\/files\/misszio3.webp\" \/>\n\t<meta property=\"og:image:width\" content=\"1032\" \/>\n\t<meta property=\"og:image:height\" content=\"686\" \/>\n\t<meta property=\"og:image:type\" content=\"image\/webp\" \/>\n<meta name=\"twitter:card\" content=\"summary_large_image\" \/>\n<script type=\"application\/ld+json\" class=\"yoast-schema-graph\">{\"@context\":\"https:\/\/schema.org\",\"@graph\":[{\"@type\":\"WebPage\",\"@id\":\"https:\/\/mnbarts.hu\/impresszum\/\",\"url\":\"https:\/\/mnbarts.hu\/impresszum\/\",\"name\":\"Impresszum - MNB Arts and Culture\",\"isPartOf\":{\"@id\":\"https:\/\/mnbarts.hu\/#website\"},\"datePublished\":\"2023-03-26T14:45:36+00:00\",\"dateModified\":\"2023-04-06T15:26:06+00:00\",\"breadcrumb\":{\"@id\":\"https:\/\/mnbarts.hu\/impresszum\/#breadcrumb\"},\"inLanguage\":\"en-GB\",\"potentialAction\":[{\"@type\":\"ReadAction\",\"target\":[\"https:\/\/mnbarts.hu\/impresszum\/\"]}]},{\"@type\":\"BreadcrumbList\",\"@id\":\"https:\/\/mnbarts.hu\/impresszum\/#breadcrumb\",\"itemListElement\":[{\"@type\":\"ListItem\",\"position\":1,\"name\":\"Kezd\u0151lap\",\"item\":\"https:\/\/mnbarts.hu\/\"},{\"@type\":\"ListItem\",\"position\":2,\"name\":\"Impresszum\"}]},{\"@type\":\"WebSite\",\"@id\":\"https:\/\/mnbarts.hu\/#website\",\"url\":\"https:\/\/mnbarts.hu\/\",\"name\":\"MNB Arts and Culture\",\"description\":\"Kultur\u00e1lis \u00e9rt\u00e9ket k\u00f6zvet\u00edt\u00fcnk\",\"publisher\":{\"@id\":\"https:\/\/mnbarts.hu\/#organization\"},\"alternateName\":\"MNB Arts and Culture\",\"potentialAction\":[{\"@type\":\"SearchAction\",\"target\":{\"@type\":\"EntryPoint\",\"urlTemplate\":\"https:\/\/mnbarts.hu\/?s={search_term_string}\"},\"query-input\":\"required name=search_term_string\"}],\"inLanguage\":\"en-GB\"},{\"@type\":\"Organization\",\"@id\":\"https:\/\/mnbarts.hu\/#organization\",\"name\":\"MNB Arts and Culture\",\"alternateName\":\"MNB Arts and Culture\",\"url\":\"https:\/\/mnbarts.hu\/\",\"logo\":{\"@type\":\"ImageObject\",\"inLanguage\":\"en-GB\",\"@id\":\"https:\/\/mnbarts.hu\/#\/schema\/logo\/image\/\",\"url\":\"\/files\/2023\/03\/logo_mnbarts_l.png\",\"contentUrl\":\"\/files\/2023\/03\/logo_mnbarts_l.png\",\"width\":119,\"height\":82,\"caption\":\"MNB Arts and Culture\"},\"image\":{\"@id\":\"https:\/\/mnbarts.hu\/#\/schema\/logo\/image\/\"},\"sameAs\":[\"https:\/\/www.facebook.com\/profile.php?id=100083016948242\"],\"description\":\"MNB Arts and Culture gondozza a Magyar Nemzeti Bank \u00e1ltal \u00e9letre h\u00edvott m\u0171v\u00e9szeti gy\u0171jtem\u00e9nyt. C\u00e9lja a nagyk\u00f6z\u00f6ns\u00e9g sz\u00e1m\u00e1ra sz\u00e9les k\u00f6rben hozz\u00e1f\u00e9rhet\u0151v\u00e9 \u00e9s megismerhet\u0151v\u00e9, a szakma sz\u00e1m\u00e1ra pedig kutathat\u00f3v\u00e1 \u00e9s feldolgozhat\u00f3v\u00e1 tenni annak anyag\u00e1t, mind a hazai, mind a nemzetk\u00f6zi sz\u00ednt\u00e9ren.\",\"email\":\"info@mnbarts.hu\",\"legalName\":\"MNB Arts and Culture\"}]}<\/script>\n<!-- \/ Yoast SEO Premium plugin. -->","yoast_head_json":{"title":"Impresszum - MNB Arts and Culture","robots":{"index":"index","follow":"follow","max-snippet":"max-snippet:-1","max-image-preview":"max-image-preview:large","max-video-preview":"max-video-preview:-1"},"canonical":"https:\/\/mnbarts.hu\/en\/impresszum\/","og_locale":"en_GB","og_type":"article","og_title":"Impresszum","og_description":"Impresszum C\u00e9gn\u00e9v: MNB-Ingatlan Kft. Sz\u00e9khely:&nbsp;1013 Budapest, Krisztina k\u00f6r\u00fat 32. 4. emelet Ad\u00f3sz\u00e1m: 25569751-2-44 C\u00e9gjegyz\u00e9ksz\u00e1m: 01 09 282793 K\u00f6zponti weboldal:&nbsp;www.mnbingatlan.hu","og_url":"https:\/\/mnbarts.hu\/en\/impresszum\/","og_site_name":"MNB Arts and Culture","article_publisher":"https:\/\/www.facebook.com\/profile.php?id=100083016948242","article_modified_time":"2023-04-06T15:26:06+00:00","og_image":[{"width":1032,"height":686,"url":"https:\/\/mnbarts.hu\/files\/misszio3.webp","type":"image\/webp"}],"twitter_card":"summary_large_image","schema":{"@context":"https:\/\/schema.org","@graph":[{"@type":"WebPage","@id":"https:\/\/mnbarts.hu\/impresszum\/","url":"https:\/\/mnbarts.hu\/impresszum\/","name":"Impresszum - MNB Arts and Culture","isPartOf":{"@id":"https:\/\/mnbarts.hu\/#website"},"datePublished":"2023-03-26T14:45:36+00:00","dateModified":"2023-04-06T15:26:06+00:00","breadcrumb":{"@id":"https:\/\/mnbarts.hu\/impresszum\/#breadcrumb"},"inLanguage":"en-GB","potentialAction":[{"@type":"ReadAction","target":["https:\/\/mnbarts.hu\/impresszum\/"]}]},{"@type":"BreadcrumbList","@id":"https:\/\/mnbarts.hu\/impresszum\/#breadcrumb","itemListElement":[{"@type":"ListItem","position":1,"name":"Kezd\u0151lap","item":"https:\/\/mnbarts.hu\/"},{"@type":"ListItem","position":2,"name":"Impresszum"}]},{"@type":"WebSite","@id":"https:\/\/mnbarts.hu\/#website","url":"https:\/\/mnbarts.hu\/","name":"MNB Arts and Culture","description":"Kultur\u00e1lis \u00e9rt\u00e9ket k\u00f6zvet\u00edt\u00fcnk","publisher":{"@id":"https:\/\/mnbarts.hu\/#organization"},"alternateName":"MNB Arts and Culture","potentialAction":[{"@type":"SearchAction","target":{"@type":"EntryPoint","urlTemplate":"https:\/\/mnbarts.hu\/?s={search_term_string}"},"query-input":"required name=search_term_string"}],"inLanguage":"en-GB"},{"@type":"Organization","@id":"https:\/\/mnbarts.hu\/#organization","name":"MNB Arts and Culture","alternateName":"MNB Arts and Culture","url":"https:\/\/mnbarts.hu\/","logo":{"@type":"ImageObject","inLanguage":"en-GB","@id":"https:\/\/mnbarts.hu\/#\/schema\/logo\/image\/","url":"\/files\/2023\/03\/logo_mnbarts_l.png","contentUrl":"\/files\/2023\/03\/logo_mnbarts_l.png","width":119,"height":82,"caption":"MNB Arts and Culture"},"image":{"@id":"https:\/\/mnbarts.hu\/#\/schema\/logo\/image\/"},"sameAs":["https:\/\/www.facebook.com\/profile.php?id=100083016948242"],"description":"MNB Arts and Culture gondozza a Magyar Nemzeti Bank \u00e1ltal \u00e9letre h\u00edvott m\u0171v\u00e9szeti gy\u0171jtem\u00e9nyt. C\u00e9lja a nagyk\u00f6z\u00f6ns\u00e9g sz\u00e1m\u00e1ra sz\u00e9les k\u00f6rben hozz\u00e1f\u00e9rhet\u0151v\u00e9 \u00e9s megismerhet\u0151v\u00e9, a szakma sz\u00e1m\u00e1ra pedig kutathat\u00f3v\u00e1 \u00e9s feldolgozhat\u00f3v\u00e1 tenni annak anyag\u00e1t, mind a hazai, mind a nemzetk\u00f6zi sz\u00ednt\u00e9ren.","email":"info@mnbarts.hu","legalName":"MNB Arts and Culture"}]}},"_links":{"self":[{"href":"https:\/\/mnbarts.hu\/en\/wp-json\/wp\/v2\/pages\/2889"}],"collection":[{"href":"https:\/\/mnbarts.hu\/en\/wp-json\/wp\/v2\/pages"}],"about":[{"href":"https:\/\/mnbarts.hu\/en\/wp-json\/wp\/v2\/types\/page"}],"author":[{"embeddable":true,"href":"https:\/\/mnbarts.hu\/en\/wp-json\/wp\/v2\/users\/1"}],"replies":[{"embeddable":true,"href":"https:\/\/mnbarts.hu\/en\/wp-json\/wp\/v2\/comments?post=2889"}],"version-history":[{"count":10,"href":"https:\/\/mnbarts.hu\/en\/wp-json\/wp\/v2\/pages\/2889\/revisions"}],"predecessor-version":[{"id":3945,"href":"https:\/\/mnbarts.hu\/en\/wp-json\/wp\/v2\/pages\/2889\/revisions\/3945"}],"wp:attachment":[{"href":"https:\/\/mnbarts.hu\/en\/wp-json\/wp\/v2\/media?parent=2889"}],"wp:term":[{"taxonomy":"page_tag","embeddable":true,"href":"https:\/\/mnbarts.hu\/en\/wp-json\/wp\/v2\/page_tag?post=2889"}],"curies":[{"name":"wp","href":"https:\/\/api.w.org\/{rel}","templated":true}]}}