{"id":2673,"date":"2023-03-13T14:23:12","date_gmt":"2023-03-13T13:23:12","guid":{"rendered":"https:\/\/mnbarts.hu\/?page_id=2673"},"modified":"2023-05-11T14:14:23","modified_gmt":"2023-05-11T12:14:23","slug":"muveszek","status":"publish","type":"page","link":"https:\/\/mnbarts.hu\/en\/muveszek\/","title":{"rendered":"M\u0171v\u00e9szek"},"content":{"rendered":"<div data-elementor-type=\"wp-page\" data-elementor-id=\"2673\" class=\"elementor elementor-2673\" data-elementor-post-type=\"page\">\n\t\t\t\t\t\t<section class=\"elementor-section elementor-top-section elementor-element elementor-element-43b134c elementor-section-boxed elementor-section-height-default elementor-section-height-default\" data-id=\"43b134c\" data-element_type=\"section\">\n\t\t\t\t\t\t<div class=\"elementor-container elementor-column-gap-default\">\n\t\t\t\t\t<div class=\"elementor-column elementor-col-33 elementor-top-column elementor-element elementor-element-4efffa7 elementor-hidden-mobile\" data-id=\"4efffa7\" data-element_type=\"column\">\n\t\t\t<div class=\"elementor-widget-wrap elementor-element-populated\">\n\t\t\t\t\t\t<div class=\"elementor-element elementor-element-23b1a7f elementor-widget elementor-widget-image\" data-id=\"23b1a7f\" data-element_type=\"widget\" data-widget_type=\"image.default\">\n\t\t\t\t<div class=\"elementor-widget-container\">\n\t\t\t<style>\/*! elementor - v3.20.0 - 26-03-2024 *\/\n.elementor-widget-image{text-align:center}.elementor-widget-image a{display:inline-block}.elementor-widget-image a img[src$=\".svg\"]{width:48px}.elementor-widget-image img{vertical-align:middle;display:inline-block}<\/style>\t\t\t\t\t\t\t\t\t\t<img fetchpriority=\"high\" decoding=\"async\" width=\"800\" height=\"800\" src=\"\/files\/mnb_artist-1024x1024.png\" class=\"attachment-large size-large wp-image-3555\" srcset=\"\/files\/mnb_artist-1024x1024.png 1024w, \/files\/mnb_artist-300x300.png 300w, \/files\/mnb_artist-150x150.png 150w, \/files\/mnb_artist-768x768.png 768w, \/files\/mnb_artist-1536x1536.png 1536w, \/files\/mnb_artist-2048x2048.png 2048w, \/files\/mnb_artist-700x700.png 700w, \/files\/mnb_artist-20x20.png 20w, \/files\/mnb_artist.png 1000w\" sizes=\"(max-width: 800px) 100vw, 800px\" \/>\t\t\t\t\t\t\t\t\t\t\t\t\t<\/div>\n\t\t\t\t<\/div>\n\t\t\t\t\t<\/div>\n\t\t<\/div>\n\t\t\t\t<div class=\"elementor-column elementor-col-33 elementor-top-column elementor-element elementor-element-16d6dc8\" data-id=\"16d6dc8\" data-element_type=\"column\">\n\t\t\t<div class=\"elementor-widget-wrap elementor-element-populated\">\n\t\t\t\t\t\t<div class=\"elementor-element elementor-element-a7dc19f artistslist elementor-widget elementor-widget-text-editor\" data-id=\"a7dc19f\" data-element_type=\"widget\" data-widget_type=\"text-editor.default\">\n\t\t\t\t<div class=\"elementor-widget-container\">\n\t\t\t<style>\/*! elementor - v3.20.0 - 26-03-2024 *\/\n.elementor-widget-text-editor.elementor-drop-cap-view-stacked .elementor-drop-cap{background-color:#69727d;color:#fff}.elementor-widget-text-editor.elementor-drop-cap-view-framed .elementor-drop-cap{color:#69727d;border:3px solid;background-color:transparent}.elementor-widget-text-editor:not(.elementor-drop-cap-view-default) .elementor-drop-cap{margin-top:8px}.elementor-widget-text-editor:not(.elementor-drop-cap-view-default) .elementor-drop-cap-letter{width:1em;height:1em}.elementor-widget-text-editor .elementor-drop-cap{float:left;text-align:center;line-height:1;font-size:50px}.elementor-widget-text-editor .elementor-drop-cap-letter{display:inline-block}<\/style>\t\t\t\t<a href='https:\/\/mnbarts.hu\/en\/muveszek\/aatoth-franyo\/' id='a'>AATOTH, Franyo<\/a><br><a href='https:\/\/mnbarts.hu\/en\/muveszek\/almasy-aladar\/' id='a'>ALM\u00c1SY, Alad\u00e1r<\/a><br><a href='https:\/\/mnbarts.hu\/en\/muveszek\/bobics-diana\/' id='b'>B\u00d3BICS, Di\u00e1na<\/a><br><a href='https:\/\/mnbarts.hu\/en\/muveszek\/bak-imre\/' id='b'>BAK, Imre<\/a><br><a href='https:\/\/mnbarts.hu\/en\/muveszek\/balazs-nikolett\/' id='b'>BAL\u00c1ZS, Nikolett<\/a><br><a href='https:\/\/mnbarts.hu\/en\/muveszek\/barath-aron\/' id='b'>BAR\u00c1TH, \u00c1ron<\/a><br><a href='https:\/\/mnbarts.hu\/en\/muveszek\/barabas-zsofi\/' id='b'>BARAB\u00c1S, Zs\u00f3fi<\/a><br><a href='https:\/\/mnbarts.hu\/en\/muveszek\/batyko-robert\/' id='b'>BATYK\u00d3, R\u00f3bert<\/a><br><a href='https:\/\/mnbarts.hu\/en\/muveszek\/benko-barnabas\/' id='b'>BENK\u0150, Barnab\u00e1s<\/a><br><a href='https:\/\/mnbarts.hu\/en\/muveszek\/bernath-daniel\/' id='b'>BERN\u00c1TH, D\u00e1niel<\/a><br><a href='https:\/\/mnbarts.hu\/en\/muveszek\/bortnyik-sandor\/' id='b'>BORTNYIK , S\u00e1ndor<\/a><br><a href='https:\/\/mnbarts.hu\/en\/muveszek\/bullas-jozsef\/' id='b'>BULL\u00c1S, J\u00f3zsef<\/a><br><a href='https:\/\/mnbarts.hu\/en\/muveszek\/csaji-attila\/' id='c'>CS\u00c1JI, Attila<\/a><br><a href='https:\/\/mnbarts.hu\/en\/muveszek\/csaki-robert\/' id='c'>CS\u00c1KI, R\u00f3bert<\/a><br><a href='https:\/\/mnbarts.hu\/en\/muveszek\/csato-jozsef\/' id='c'>CSAT\u00d3, J\u00f3zsef<\/a><br><a href='https:\/\/mnbarts.hu\/en\/muveszek\/cseke-szilard\/' id='c'>CSEKE, Szil\u00e1rd<\/a><br><a href='https:\/\/mnbarts.hu\/en\/muveszek\/dora-adam\/' id='d'>D\u00d3RA, \u00c1d\u00e1m<\/a><br><a href='https:\/\/mnbarts.hu\/en\/muveszek\/egry-jozsef\/' id='e'>EGRY, J\u00f3zsef<\/a><br><a href='https:\/\/mnbarts.hu\/en\/muveszek\/ernszt-andras\/' id='e'>ERNSZT, Andr\u00e1s<\/a><br><a href='https:\/\/mnbarts.hu\/en\/muveszek\/fabian-erika\/' id='f'>F\u00c1BI\u00c1N, Erika<\/a><br><a href='https:\/\/mnbarts.hu\/en\/muveszek\/fajo-janos\/' id='f'>FAJ\u00d3, J\u00e1nos<\/a><br><a href='https:\/\/mnbarts.hu\/en\/muveszek\/felsmann-istvan\/' id='f'>FELSMANN, Istv\u00e1n<\/a><br><a href='https:\/\/mnbarts.hu\/en\/muveszek\/ferenczy-karoly\/' id='f'>FERENCZY, K\u00e1roly<\/a><br><a href='https:\/\/mnbarts.hu\/en\/muveszek\/ficzek-ferenc\/' id='f'>FICZEK, Ferenc<\/a><br><a href='https:\/\/mnbarts.hu\/en\/muveszek\/andreas-fogarasi\/' id='f'>FOGARASI, Andreas<\/a><br><a href='https:\/\/mnbarts.hu\/en\/muveszek\/frey-krisztian\/' id='f'>FREY, Kriszti\u00e1n<\/a><br><a href='https:\/\/mnbarts.hu\/en\/muveszek\/fridvalszki-mark\/' id='f'>FRIDVALSZKI, M\u00e1rk<\/a><br><a href='https:\/\/mnbarts.hu\/en\/muveszek\/gaspar-annamaria\/' id='g'>G\u00c1SP\u00c1R, Annam\u00e1ria<\/a><br><a href='https:\/\/mnbarts.hu\/en\/muveszek\/gaspar-gyorgy\/' id='g'>G\u00c1SP\u00c1R, Gy\u00f6rgy<\/a><br><a href='https:\/\/mnbarts.hu\/en\/muveszek\/goth-martin\/' id='g'>G\u00d3TH, Martin<\/a><br><a href='https:\/\/mnbarts.hu\/en\/muveszek\/gayor-tibor\/' id='g'>G\u00c1YOR, Tibor<\/a><br><a href='https:\/\/mnbarts.hu\/en\/muveszek\/geller-b-istvan\/' id='g'>GELL\u00c9R B., Istv\u00e1n<\/a><br><a href='https:\/\/mnbarts.hu\/en\/muveszek\/gross-arnold\/' id='g'>GROSS, Arnold<\/a><br><a href='https:\/\/mnbarts.hu\/en\/muveszek\/hajdu-kinga\/' id='h'>HAJD\u00da, Kinga<\/a><br><a href='https:\/\/mnbarts.hu\/en\/muveszek\/hajgato-terezia\/' id='h'>HAJGAT\u00d3, Ter\u00e9zia<\/a><br><a href='https:\/\/mnbarts.hu\/en\/muveszek\/halmi-horvath-istvan\/' id='h'>HALMI-HORV\u00c1TH, Istv\u00e1n<\/a><br><a href='https:\/\/mnbarts.hu\/en\/muveszek\/hantai-simon\/' id='h'>HANTA\u00cf, Simon<\/a><br><a href='https:\/\/mnbarts.hu\/en\/muveszek\/hencze-tamas\/' id='h'>HENCZE, Tam\u00e1s<\/a><br><a href='https:\/\/mnbarts.hu\/en\/muveszek\/hortobagyi-endre\/' id='h'>HORTOB\u00c1GYI, Endre<\/a><br><a href='https:\/\/mnbarts.hu\/en\/muveszek\/horvath-loczi-judit\/' id='h'>HORV\u00c1TH L\u00d3CZI, Judit<\/a><br><a href='https:\/\/mnbarts.hu\/en\/muveszek\/jovanovics-gyorgy\/' id='j'>JOV\u00c1NOVICS, Gy\u00f6rgy<\/a><br><a href='https:\/\/mnbarts.hu\/en\/muveszek\/jovanovics-tamas\/' id='j'>JOVANOVICS, Tam\u00e1s<\/a><br><a href='https:\/\/mnbarts.hu\/en\/muveszek\/korodi-zsuzsanna\/' id='k'>K\u00d3R\u00d3DI, Zsuzsanna<\/a><br><a href='https:\/\/mnbarts.hu\/en\/muveszek\/karolyi-zsigmond\/' id='k'>K\u00c1ROLYI, Zsigmond<\/a><br><a href='https:\/\/mnbarts.hu\/en\/muveszek\/keseru-ilona\/' id='k'>KESER\u00dc, Ilona<\/a><br><a href='https:\/\/mnbarts.hu\/en\/muveszek\/kis-roka-csaba\/' id='k'>KIS, R\u00f3ka Csaba<\/a><br><a href='https:\/\/mnbarts.hu\/en\/muveszek\/kmetty-janos\/' id='k'>KMETTY, J\u00e1nos<\/a><br><a href='https:\/\/mnbarts.hu\/en\/muveszek\/knyihar-bence\/' id='k'>KNYIH\u00c1R, Bence<\/a><br><a href='https:\/\/mnbarts.hu\/en\/muveszek\/kondor-attila\/' id='k'>KONDOR, Attila<\/a><br><a href='https:\/\/mnbarts.hu\/en\/muveszek\/konok-tamas\/' id='k'>KONOK, Tam\u00e1s<\/a><br><a href='https:\/\/mnbarts.hu\/en\/muveszek\/korniss-dezso\/' id='k'>KORNISS, Dezs\u0151<\/a><br><a href='https:\/\/mnbarts.hu\/en\/muveszek\/koszorus-rita\/' id='k'>KOSZOR\u00daS, Rita<\/a><br><a href='https:\/\/mnbarts.hu\/en\/muveszek\/kucsora-marta\/' id='k'>KUCSORA, M\u00e1rta<\/a><br><a href='https:\/\/mnbarts.hu\/en\/muveszek\/kusovszky-bea\/' id='k'>KUSOVSZKY, Bea<\/a><br><a href='https:\/\/mnbarts.hu\/en\/muveszek\/lakner-laszlo\/' id='l'>LAKNER, L\u00e1szl\u00f3<\/a><br><a href='https:\/\/mnbarts.hu\/en\/muveszek\/lantos-ferenc\/' id='l'>LANTOS, Ferenc<\/a><br><a href='https:\/\/mnbarts.hu\/en\/muveszek\/major-kamill\/' id='m'>MAJOR, Kamill<\/a><br><a href='https:\/\/mnbarts.hu\/en\/muveszek\/martin-henrik\/' id='m'>MARTIN, Henrik<\/a><br><a href='https:\/\/mnbarts.hu\/en\/muveszek\/maurer-dora\/' id='m'>MAURER, D\u00f3ra<\/a><br><a href='https:\/\/mnbarts.hu\/en\/muveszek\/melkovics-tamas\/' id='m'>MELKOVICS, Tam\u00e1s<\/a><br><a href='https:\/\/mnbarts.hu\/en\/muveszek\/mengyan-andras\/' id='m'>MENGY\u00c1N, Andr\u00e1s<\/a><br><a href='https:\/\/mnbarts.hu\/en\/muveszek\/moizer-zsuzsa\/' id='m'>MOIZER, Zsuzsa<\/a><br><a href='https:\/\/mnbarts.hu\/en\/muveszek\/molnar-vera\/' id='m'>MOLN\u00c1R, Vera<\/a><br><a href='https:\/\/mnbarts.hu\/en\/muveszek\/nadler-istvan\/' id='n'>N\u00c1DLER, Istv\u00e1n<\/a><br><a href='https:\/\/mnbarts.hu\/en\/muveszek\/nemes-marton\/' id='n'>NEMES, M\u00e1rton<\/a><br><a href='https:\/\/mnbarts.hu\/en\/muveszek\/pal-katja\/' id='p'>P\u00c1L, Katja<\/a><br><a href='https:\/\/mnbarts.hu\/en\/muveszek\/paragi-eva\/' id='p'>PARAGI, \u00c9va<\/a><br><a href='https:\/\/mnbarts.hu\/en\/muveszek\/tomasz-piars\/' id='p'>PIARS, Tomasz<\/a><br><a href='https:\/\/mnbarts.hu\/en\/muveszek\/pinter-dia\/' id='p'>PINT\u00c9R, Dia<\/a><br><a href='https:\/\/mnbarts.hu\/en\/muveszek\/polgar-rozsa\/' id='p'>POLG\u00c1R, R\u00f3zsa<\/a><br><a href='https:\/\/mnbarts.hu\/en\/muveszek\/rakoczy-gizella\/' id='r'>R\u00c1K\u00d3CZY, Gizella<\/a><br><a href='https:\/\/mnbarts.hu\/en\/muveszek\/reigl-judit\/' id='r'>REIGL, Judit<\/a><br><a href='https:\/\/mnbarts.hu\/en\/muveszek\/rippl-ronai-jozsef\/' id='r'>RIPPL-R\u00d3NAI, J\u00f3zsef<\/a><br><a href='https:\/\/mnbarts.hu\/en\/muveszek\/robitz-aniko\/' id='r'>ROBITZ, Anik\u00f3<\/a><br><a href='https:\/\/mnbarts.hu\/en\/muveszek\/somody-peter\/' id='s'>SOMODY, P\u00e9ter<\/a><br><a href='https:\/\/mnbarts.hu\/en\/muveszek\/szoke-gaspar\/' id='s'>SZ\u0150KE, G\u00e1sp\u00e1r<\/a><br><a href='https:\/\/mnbarts.hu\/en\/muveszek\/szonyi-istvan\/' id='s'>SZ\u0150NYI, Istv\u00e1n<\/a><br><a href='https:\/\/mnbarts.hu\/en\/muveszek\/szabo-lobot-balazs\/' id='s'>SZAB\u00d3 LOBOT, Bal\u00e1zs<\/a><br><a href='https:\/\/mnbarts.hu\/en\/muveszek\/szabo-menyhert\/' id='s'>SZAB\u00d3, Menyh\u00e9rt<\/a><br><a href='https:\/\/mnbarts.hu\/en\/muveszek\/szabados-arpad\/' id='s'>SZABADOS, \u00c1rp\u00e1d<\/a><br><a href='https:\/\/mnbarts.hu\/en\/muveszek\/szentgroti-david\/' id='s'>SZENTGR\u00d3TI, D\u00e1vid<\/a><br><a href='https:\/\/mnbarts.hu\/en\/muveszek\/szentpetery-adam\/' id='s'>SZENTP\u00c9TERY, \u00c1d\u00e1m<\/a><br><a href='https:\/\/mnbarts.hu\/en\/muveszek\/szilvitzky-margit\/' id='s'>SZILVITZKY, Margit<\/a><br><a href='https:\/\/mnbarts.hu\/en\/muveszek\/szinyova-gergo\/' id='s'>SZINYOVA, Gerg\u0151<\/a><br><a href='https:\/\/mnbarts.hu\/en\/muveszek\/szirtes-janos\/' id='s'>SZIRTES, J\u00e1nos<\/a><br><a href='https:\/\/mnbarts.hu\/en\/muveszek\/toth-anna-eszter\/' id='t'>T\u00d3TH, Anna Eszter<\/a><br><a href='https:\/\/mnbarts.hu\/en\/muveszek\/tivadar-andrea\/' id='t'>TIVADAR, Andrea<\/a><br><a href='https:\/\/mnbarts.hu\/en\/muveszek\/ujhazi-peter\/' id='u'>UJH\u00c1ZI, P\u00e9ter<\/a><br><a href='https:\/\/mnbarts.hu\/en\/muveszek\/varga-adam-miklos\/' id='v'>VARGA, \u00c1d\u00e1m Mikl\u00f3s<\/a><br><a href='https:\/\/mnbarts.hu\/en\/muveszek\/anthony-vasquez\/' id='v'>VASQUEZ, Anthony<\/a><br><a href='https:\/\/mnbarts.hu\/en\/muveszek\/veszely-ferenc\/' id='v'>VESZELY, Ferenc<\/a><br><a href='https:\/\/mnbarts.hu\/en\/muveszek\/veto-orsolya-lia\/' id='v'>VET\u0150, Orsolya Lia<\/a><br><a href='https:\/\/mnbarts.hu\/en\/muveszek\/walter-crane\/' id='w'>WALTER, Crane<\/a>\t\t\t\t\t\t<\/div>\n\t\t\t\t<\/div>\n\t\t\t\t\t<\/div>\n\t\t<\/div>\n\t\t\t\t<div class=\"elementor-column elementor-col-33 elementor-top-column elementor-element elementor-element-0bc4f80\" data-id=\"0bc4f80\" data-element_type=\"column\">\n\t\t\t<div class=\"elementor-widget-wrap\">\n\t\t\t\t\t\t\t<\/div>\n\t\t<\/div>\n\t\t\t\t\t<\/div>\n\t\t<\/section>\n\t\t\t\t<\/div>","protected":false},"excerpt":{"rendered":"<p>a b c d e f g h i j k l m n o p q r s t u v w x y z<\/p>","protected":false},"author":1,"featured_media":0,"parent":0,"menu_order":0,"comment_status":"closed","ping_status":"closed","template":"","meta":{"_acf_changed":false,"footnotes":""},"page_tag":[],"acf":[],"yoast_head":"<!-- This site is optimized with the Yoast SEO Premium plugin v23.1 (Yoast SEO v23.1) - https:\/\/yoast.com\/wordpress\/plugins\/seo\/ -->\n<title>M\u0171v\u00e9szek - MNB Arts and Culture<\/title>\n<meta name=\"robots\" content=\"index, follow, max-snippet:-1, max-image-preview:large, max-video-preview:-1\" \/>\n<link rel=\"canonical\" href=\"https:\/\/mnbarts.hu\/en\/muveszek\/\" \/>\n<meta property=\"og:locale\" content=\"en_GB\" \/>\n<meta property=\"og:type\" content=\"article\" \/>\n<meta property=\"og:title\" content=\"M\u0171v\u00e9szek\" \/>\n<meta property=\"og:description\" content=\"a b c d e f g h i j k l m n o p q r s t u v w x y z\" \/>\n<meta property=\"og:url\" content=\"https:\/\/mnbarts.hu\/en\/muveszek\/\" \/>\n<meta property=\"og:site_name\" content=\"MNB Arts and Culture\" \/>\n<meta property=\"article:publisher\" content=\"https:\/\/www.facebook.com\/profile.php?id=100083016948242\" \/>\n<meta property=\"article:modified_time\" content=\"2023-05-11T12:14:23+00:00\" \/>\n<meta property=\"og:image\" content=\"https:\/\/mnbarts.hu\/files\/misszio3.webp\" \/>\n\t<meta property=\"og:image:width\" content=\"1032\" \/>\n\t<meta property=\"og:image:height\" content=\"686\" \/>\n\t<meta property=\"og:image:type\" content=\"image\/webp\" \/>\n<meta name=\"twitter:card\" content=\"summary_large_image\" \/>\n<script type=\"application\/ld+json\" class=\"yoast-schema-graph\">{\"@context\":\"https:\/\/schema.org\",\"@graph\":[{\"@type\":\"WebPage\",\"@id\":\"https:\/\/mnbarts.hu\/muveszek\/\",\"url\":\"https:\/\/mnbarts.hu\/muveszek\/\",\"name\":\"M\u0171v\u00e9szek - MNB Arts and Culture\",\"isPartOf\":{\"@id\":\"https:\/\/mnbarts.hu\/#website\"},\"datePublished\":\"2023-03-13T13:23:12+00:00\",\"dateModified\":\"2023-05-11T12:14:23+00:00\",\"breadcrumb\":{\"@id\":\"https:\/\/mnbarts.hu\/muveszek\/#breadcrumb\"},\"inLanguage\":\"en-GB\",\"potentialAction\":[{\"@type\":\"ReadAction\",\"target\":[\"https:\/\/mnbarts.hu\/muveszek\/\"]}]},{\"@type\":\"BreadcrumbList\",\"@id\":\"https:\/\/mnbarts.hu\/muveszek\/#breadcrumb\",\"itemListElement\":[{\"@type\":\"ListItem\",\"position\":1,\"name\":\"Kezd\u0151lap\",\"item\":\"https:\/\/mnbarts.hu\/\"},{\"@type\":\"ListItem\",\"position\":2,\"name\":\"M\u0171v\u00e9szek\"}]},{\"@type\":\"WebSite\",\"@id\":\"https:\/\/mnbarts.hu\/#website\",\"url\":\"https:\/\/mnbarts.hu\/\",\"name\":\"MNB Arts and Culture\",\"description\":\"Kultur\u00e1lis \u00e9rt\u00e9ket k\u00f6zvet\u00edt\u00fcnk\",\"publisher\":{\"@id\":\"https:\/\/mnbarts.hu\/#organization\"},\"alternateName\":\"MNB Arts and Culture\",\"potentialAction\":[{\"@type\":\"SearchAction\",\"target\":{\"@type\":\"EntryPoint\",\"urlTemplate\":\"https:\/\/mnbarts.hu\/?s={search_term_string}\"},\"query-input\":\"required name=search_term_string\"}],\"inLanguage\":\"en-GB\"},{\"@type\":\"Organization\",\"@id\":\"https:\/\/mnbarts.hu\/#organization\",\"name\":\"MNB Arts and Culture\",\"alternateName\":\"MNB Arts and Culture\",\"url\":\"https:\/\/mnbarts.hu\/\",\"logo\":{\"@type\":\"ImageObject\",\"inLanguage\":\"en-GB\",\"@id\":\"https:\/\/mnbarts.hu\/#\/schema\/logo\/image\/\",\"url\":\"\/files\/2023\/03\/logo_mnbarts_l.png\",\"contentUrl\":\"\/files\/2023\/03\/logo_mnbarts_l.png\",\"width\":119,\"height\":82,\"caption\":\"MNB Arts and Culture\"},\"image\":{\"@id\":\"https:\/\/mnbarts.hu\/#\/schema\/logo\/image\/\"},\"sameAs\":[\"https:\/\/www.facebook.com\/profile.php?id=100083016948242\"],\"description\":\"MNB Arts and Culture gondozza a Magyar Nemzeti Bank \u00e1ltal \u00e9letre h\u00edvott m\u0171v\u00e9szeti gy\u0171jtem\u00e9nyt. C\u00e9lja a nagyk\u00f6z\u00f6ns\u00e9g sz\u00e1m\u00e1ra sz\u00e9les k\u00f6rben hozz\u00e1f\u00e9rhet\u0151v\u00e9 \u00e9s megismerhet\u0151v\u00e9, a szakma sz\u00e1m\u00e1ra pedig kutathat\u00f3v\u00e1 \u00e9s feldolgozhat\u00f3v\u00e1 tenni annak anyag\u00e1t, mind a hazai, mind a nemzetk\u00f6zi sz\u00ednt\u00e9ren.\",\"email\":\"info@mnbarts.hu\",\"legalName\":\"MNB Arts and Culture\"}]}<\/script>\n<!-- \/ Yoast SEO Premium plugin. -->","yoast_head_json":{"title":"M\u0171v\u00e9szek - MNB Arts and Culture","robots":{"index":"index","follow":"follow","max-snippet":"max-snippet:-1","max-image-preview":"max-image-preview:large","max-video-preview":"max-video-preview:-1"},"canonical":"https:\/\/mnbarts.hu\/en\/muveszek\/","og_locale":"en_GB","og_type":"article","og_title":"M\u0171v\u00e9szek","og_description":"a b c d e f g h i j k l m n o p q r s t u v w x y z","og_url":"https:\/\/mnbarts.hu\/en\/muveszek\/","og_site_name":"MNB Arts and Culture","article_publisher":"https:\/\/www.facebook.com\/profile.php?id=100083016948242","article_modified_time":"2023-05-11T12:14:23+00:00","og_image":[{"width":1032,"height":686,"url":"https:\/\/mnbarts.hu\/files\/misszio3.webp","type":"image\/webp"}],"twitter_card":"summary_large_image","schema":{"@context":"https:\/\/schema.org","@graph":[{"@type":"WebPage","@id":"https:\/\/mnbarts.hu\/muveszek\/","url":"https:\/\/mnbarts.hu\/muveszek\/","name":"M\u0171v\u00e9szek - MNB Arts and Culture","isPartOf":{"@id":"https:\/\/mnbarts.hu\/#website"},"datePublished":"2023-03-13T13:23:12+00:00","dateModified":"2023-05-11T12:14:23+00:00","breadcrumb":{"@id":"https:\/\/mnbarts.hu\/muveszek\/#breadcrumb"},"inLanguage":"en-GB","potentialAction":[{"@type":"ReadAction","target":["https:\/\/mnbarts.hu\/muveszek\/"]}]},{"@type":"BreadcrumbList","@id":"https:\/\/mnbarts.hu\/muveszek\/#breadcrumb","itemListElement":[{"@type":"ListItem","position":1,"name":"Kezd\u0151lap","item":"https:\/\/mnbarts.hu\/"},{"@type":"ListItem","position":2,"name":"M\u0171v\u00e9szek"}]},{"@type":"WebSite","@id":"https:\/\/mnbarts.hu\/#website","url":"https:\/\/mnbarts.hu\/","name":"MNB Arts and Culture","description":"Kultur\u00e1lis \u00e9rt\u00e9ket k\u00f6zvet\u00edt\u00fcnk","publisher":{"@id":"https:\/\/mnbarts.hu\/#organization"},"alternateName":"MNB Arts and Culture","potentialAction":[{"@type":"SearchAction","target":{"@type":"EntryPoint","urlTemplate":"https:\/\/mnbarts.hu\/?s={search_term_string}"},"query-input":"required name=search_term_string"}],"inLanguage":"en-GB"},{"@type":"Organization","@id":"https:\/\/mnbarts.hu\/#organization","name":"MNB Arts and Culture","alternateName":"MNB Arts and Culture","url":"https:\/\/mnbarts.hu\/","logo":{"@type":"ImageObject","inLanguage":"en-GB","@id":"https:\/\/mnbarts.hu\/#\/schema\/logo\/image\/","url":"\/files\/2023\/03\/logo_mnbarts_l.png","contentUrl":"\/files\/2023\/03\/logo_mnbarts_l.png","width":119,"height":82,"caption":"MNB Arts and Culture"},"image":{"@id":"https:\/\/mnbarts.hu\/#\/schema\/logo\/image\/"},"sameAs":["https:\/\/www.facebook.com\/profile.php?id=100083016948242"],"description":"MNB Arts and Culture gondozza a Magyar Nemzeti Bank \u00e1ltal \u00e9letre h\u00edvott m\u0171v\u00e9szeti gy\u0171jtem\u00e9nyt. C\u00e9lja a nagyk\u00f6z\u00f6ns\u00e9g sz\u00e1m\u00e1ra sz\u00e9les k\u00f6rben hozz\u00e1f\u00e9rhet\u0151v\u00e9 \u00e9s megismerhet\u0151v\u00e9, a szakma sz\u00e1m\u00e1ra pedig kutathat\u00f3v\u00e1 \u00e9s feldolgozhat\u00f3v\u00e1 tenni annak anyag\u00e1t, mind a hazai, mind a nemzetk\u00f6zi sz\u00ednt\u00e9ren.","email":"info@mnbarts.hu","legalName":"MNB Arts and Culture"}]}},"_links":{"self":[{"href":"https:\/\/mnbarts.hu\/en\/wp-json\/wp\/v2\/pages\/2673"}],"collection":[{"href":"https:\/\/mnbarts.hu\/en\/wp-json\/wp\/v2\/pages"}],"about":[{"href":"https:\/\/mnbarts.hu\/en\/wp-json\/wp\/v2\/types\/page"}],"author":[{"embeddable":true,"href":"https:\/\/mnbarts.hu\/en\/wp-json\/wp\/v2\/users\/1"}],"replies":[{"embeddable":true,"href":"https:\/\/mnbarts.hu\/en\/wp-json\/wp\/v2\/comments?post=2673"}],"version-history":[{"count":139,"href":"https:\/\/mnbarts.hu\/en\/wp-json\/wp\/v2\/pages\/2673\/revisions"}],"predecessor-version":[{"id":5468,"href":"https:\/\/mnbarts.hu\/en\/wp-json\/wp\/v2\/pages\/2673\/revisions\/5468"}],"wp:attachment":[{"href":"https:\/\/mnbarts.hu\/en\/wp-json\/wp\/v2\/media?parent=2673"}],"wp:term":[{"taxonomy":"page_tag","embeddable":true,"href":"https:\/\/mnbarts.hu\/en\/wp-json\/wp\/v2\/page_tag?post=2673"}],"curies":[{"name":"wp","href":"https:\/\/api.w.org\/{rel}","templated":true}]}}