{"id":152,"date":"2023-03-09T01:51:45","date_gmt":"2023-03-09T00:51:45","guid":{"rendered":"https:\/\/mnbarts.hu\/document-search\/"},"modified":"2024-10-01T07:05:03","modified_gmt":"2024-10-01T05:05:03","slug":"document-library-search","status":"publish","type":"page","link":"https:\/\/mnbarts.hu\/en\/document-library-search\/","title":{"rendered":"Document Library Search"},"content":{"rendered":"","protected":false},"excerpt":{"rendered":"","protected":false},"author":1,"featured_media":0,"parent":0,"menu_order":0,"comment_status":"closed","ping_status":"closed","template":"","meta":{"_acf_changed":false,"footnotes":""},"page_tag":[],"acf":[],"yoast_head":"<!-- This site is optimized with the Yoast SEO Premium plugin v23.1 (Yoast SEO v23.1) - https:\/\/yoast.com\/wordpress\/plugins\/seo\/ -->\n<title>Document Library Search - MNB Arts and Culture<\/title>\n<meta name=\"robots\" content=\"index, follow, max-snippet:-1, max-image-preview:large, max-video-preview:-1\" \/>\n<link rel=\"canonical\" href=\"https:\/\/mnbarts.hu\/en\/document-library-search\/\" \/>\n<meta property=\"og:locale\" content=\"en_GB\" \/>\n<meta property=\"og:type\" content=\"article\" \/>\n<meta property=\"og:title\" content=\"Document Library Search\" \/>\n<meta property=\"og:url\" content=\"https:\/\/mnbarts.hu\/en\/document-library-search\/\" \/>\n<meta property=\"og:site_name\" content=\"MNB Arts and Culture\" \/>\n<meta property=\"article:publisher\" content=\"https:\/\/www.facebook.com\/profile.php?id=100083016948242\" \/>\n<meta property=\"article:modified_time\" content=\"2024-10-01T05:05:03+00:00\" \/>\n<meta property=\"og:image\" content=\"https:\/\/mnbarts.hu\/files\/misszio3.webp\" \/>\n\t<meta property=\"og:image:width\" content=\"1032\" \/>\n\t<meta property=\"og:image:height\" content=\"686\" \/>\n\t<meta property=\"og:image:type\" content=\"image\/webp\" \/>\n<meta name=\"twitter:card\" content=\"summary_large_image\" \/>\n<script type=\"application\/ld+json\" class=\"yoast-schema-graph\">{\"@context\":\"https:\/\/schema.org\",\"@graph\":[{\"@type\":\"WebPage\",\"@id\":\"https:\/\/mnbarts.hu\/document-library-search\/\",\"url\":\"https:\/\/mnbarts.hu\/document-library-search\/\",\"name\":\"Document Library Search - MNB Arts and Culture\",\"isPartOf\":{\"@id\":\"https:\/\/mnbarts.hu\/#website\"},\"datePublished\":\"2023-03-09T00:51:45+00:00\",\"dateModified\":\"2024-10-01T05:05:03+00:00\",\"breadcrumb\":{\"@id\":\"https:\/\/mnbarts.hu\/document-library-search\/#breadcrumb\"},\"inLanguage\":\"en-GB\",\"potentialAction\":[{\"@type\":\"ReadAction\",\"target\":[\"https:\/\/mnbarts.hu\/document-library-search\/\"]}]},{\"@type\":\"BreadcrumbList\",\"@id\":\"https:\/\/mnbarts.hu\/document-library-search\/#breadcrumb\",\"itemListElement\":[{\"@type\":\"ListItem\",\"position\":1,\"name\":\"Kezd\u0151lap\",\"item\":\"https:\/\/mnbarts.hu\/\"},{\"@type\":\"ListItem\",\"position\":2,\"name\":\"Document Library Search\"}]},{\"@type\":\"WebSite\",\"@id\":\"https:\/\/mnbarts.hu\/#website\",\"url\":\"https:\/\/mnbarts.hu\/\",\"name\":\"MNB Arts and Culture\",\"description\":\"Kultur\u00e1lis \u00e9rt\u00e9ket k\u00f6zvet\u00edt\u00fcnk\",\"publisher\":{\"@id\":\"https:\/\/mnbarts.hu\/#organization\"},\"alternateName\":\"MNB Arts and Culture\",\"potentialAction\":[{\"@type\":\"SearchAction\",\"target\":{\"@type\":\"EntryPoint\",\"urlTemplate\":\"https:\/\/mnbarts.hu\/?s={search_term_string}\"},\"query-input\":\"required name=search_term_string\"}],\"inLanguage\":\"en-GB\"},{\"@type\":\"Organization\",\"@id\":\"https:\/\/mnbarts.hu\/#organization\",\"name\":\"MNB Arts and Culture\",\"alternateName\":\"MNB Arts and Culture\",\"url\":\"https:\/\/mnbarts.hu\/\",\"logo\":{\"@type\":\"ImageObject\",\"inLanguage\":\"en-GB\",\"@id\":\"https:\/\/mnbarts.hu\/#\/schema\/logo\/image\/\",\"url\":\"\/files\/2023\/03\/logo_mnbarts_l.png\",\"contentUrl\":\"\/files\/2023\/03\/logo_mnbarts_l.png\",\"width\":119,\"height\":82,\"caption\":\"MNB Arts and Culture\"},\"image\":{\"@id\":\"https:\/\/mnbarts.hu\/#\/schema\/logo\/image\/\"},\"sameAs\":[\"https:\/\/www.facebook.com\/profile.php?id=100083016948242\"],\"description\":\"MNB Arts and Culture gondozza a Magyar Nemzeti Bank \u00e1ltal \u00e9letre h\u00edvott m\u0171v\u00e9szeti gy\u0171jtem\u00e9nyt. C\u00e9lja a nagyk\u00f6z\u00f6ns\u00e9g sz\u00e1m\u00e1ra sz\u00e9les k\u00f6rben hozz\u00e1f\u00e9rhet\u0151v\u00e9 \u00e9s megismerhet\u0151v\u00e9, a szakma sz\u00e1m\u00e1ra pedig kutathat\u00f3v\u00e1 \u00e9s feldolgozhat\u00f3v\u00e1 tenni annak anyag\u00e1t, mind a hazai, mind a nemzetk\u00f6zi sz\u00ednt\u00e9ren.\",\"email\":\"info@mnbarts.hu\",\"legalName\":\"MNB Arts and Culture\"}]}<\/script>\n<!-- \/ Yoast SEO Premium plugin. -->","yoast_head_json":{"title":"Document Library Search - MNB Arts and Culture","robots":{"index":"index","follow":"follow","max-snippet":"max-snippet:-1","max-image-preview":"max-image-preview:large","max-video-preview":"max-video-preview:-1"},"canonical":"https:\/\/mnbarts.hu\/en\/document-library-search\/","og_locale":"en_GB","og_type":"article","og_title":"Document Library Search","og_url":"https:\/\/mnbarts.hu\/en\/document-library-search\/","og_site_name":"MNB Arts and Culture","article_publisher":"https:\/\/www.facebook.com\/profile.php?id=100083016948242","article_modified_time":"2024-10-01T05:05:03+00:00","og_image":[{"width":1032,"height":686,"url":"https:\/\/mnbarts.hu\/files\/misszio3.webp","type":"image\/webp"}],"twitter_card":"summary_large_image","schema":{"@context":"https:\/\/schema.org","@graph":[{"@type":"WebPage","@id":"https:\/\/mnbarts.hu\/document-library-search\/","url":"https:\/\/mnbarts.hu\/document-library-search\/","name":"Document Library Search - MNB Arts and Culture","isPartOf":{"@id":"https:\/\/mnbarts.hu\/#website"},"datePublished":"2023-03-09T00:51:45+00:00","dateModified":"2024-10-01T05:05:03+00:00","breadcrumb":{"@id":"https:\/\/mnbarts.hu\/document-library-search\/#breadcrumb"},"inLanguage":"en-GB","potentialAction":[{"@type":"ReadAction","target":["https:\/\/mnbarts.hu\/document-library-search\/"]}]},{"@type":"BreadcrumbList","@id":"https:\/\/mnbarts.hu\/document-library-search\/#breadcrumb","itemListElement":[{"@type":"ListItem","position":1,"name":"Kezd\u0151lap","item":"https:\/\/mnbarts.hu\/"},{"@type":"ListItem","position":2,"name":"Document Library Search"}]},{"@type":"WebSite","@id":"https:\/\/mnbarts.hu\/#website","url":"https:\/\/mnbarts.hu\/","name":"MNB Arts and Culture","description":"Kultur\u00e1lis \u00e9rt\u00e9ket k\u00f6zvet\u00edt\u00fcnk","publisher":{"@id":"https:\/\/mnbarts.hu\/#organization"},"alternateName":"MNB Arts and Culture","potentialAction":[{"@type":"SearchAction","target":{"@type":"EntryPoint","urlTemplate":"https:\/\/mnbarts.hu\/?s={search_term_string}"},"query-input":"required name=search_term_string"}],"inLanguage":"en-GB"},{"@type":"Organization","@id":"https:\/\/mnbarts.hu\/#organization","name":"MNB Arts and Culture","alternateName":"MNB Arts and Culture","url":"https:\/\/mnbarts.hu\/","logo":{"@type":"ImageObject","inLanguage":"en-GB","@id":"https:\/\/mnbarts.hu\/#\/schema\/logo\/image\/","url":"\/files\/2023\/03\/logo_mnbarts_l.png","contentUrl":"\/files\/2023\/03\/logo_mnbarts_l.png","width":119,"height":82,"caption":"MNB Arts and Culture"},"image":{"@id":"https:\/\/mnbarts.hu\/#\/schema\/logo\/image\/"},"sameAs":["https:\/\/www.facebook.com\/profile.php?id=100083016948242"],"description":"MNB Arts and Culture gondozza a Magyar Nemzeti Bank \u00e1ltal \u00e9letre h\u00edvott m\u0171v\u00e9szeti gy\u0171jtem\u00e9nyt. C\u00e9lja a nagyk\u00f6z\u00f6ns\u00e9g sz\u00e1m\u00e1ra sz\u00e9les k\u00f6rben hozz\u00e1f\u00e9rhet\u0151v\u00e9 \u00e9s megismerhet\u0151v\u00e9, a szakma sz\u00e1m\u00e1ra pedig kutathat\u00f3v\u00e1 \u00e9s feldolgozhat\u00f3v\u00e1 tenni annak anyag\u00e1t, mind a hazai, mind a nemzetk\u00f6zi sz\u00ednt\u00e9ren.","email":"info@mnbarts.hu","legalName":"MNB Arts and Culture"}]}},"_links":{"self":[{"href":"https:\/\/mnbarts.hu\/en\/wp-json\/wp\/v2\/pages\/152"}],"collection":[{"href":"https:\/\/mnbarts.hu\/en\/wp-json\/wp\/v2\/pages"}],"about":[{"href":"https:\/\/mnbarts.hu\/en\/wp-json\/wp\/v2\/types\/page"}],"author":[{"embeddable":true,"href":"https:\/\/mnbarts.hu\/en\/wp-json\/wp\/v2\/users\/1"}],"replies":[{"embeddable":true,"href":"https:\/\/mnbarts.hu\/en\/wp-json\/wp\/v2\/comments?post=152"}],"version-history":[{"count":3,"href":"https:\/\/mnbarts.hu\/en\/wp-json\/wp\/v2\/pages\/152\/revisions"}],"predecessor-version":[{"id":4123,"href":"https:\/\/mnbarts.hu\/en\/wp-json\/wp\/v2\/pages\/152\/revisions\/4123"}],"wp:attachment":[{"href":"https:\/\/mnbarts.hu\/en\/wp-json\/wp\/v2\/media?parent=152"}],"wp:term":[{"taxonomy":"page_tag","embeddable":true,"href":"https:\/\/mnbarts.hu\/en\/wp-json\/wp\/v2\/page_tag?post=152"}],"curies":[{"name":"wp","href":"https:\/\/api.w.org\/{rel}","templated":true}]}}